{"id":6099,"date":"2022-03-17T19:05:12","date_gmt":"2022-03-17T18:05:12","guid":{"rendered":"https:\/\/www.sylvagri-groupe.fr\/?page_id=6099"},"modified":"2022-09-28T14:59:13","modified_gmt":"2022-09-28T12:59:13","slug":"realisations","status":"publish","type":"page","link":"https:\/\/www.sylvagri-groupe.fr\/index.php\/realisations\/","title":{"rendered":"R\u00e9alisations"},"content":{"rendered":"<p>[et_pb_section fb_built=\u00a0\u00bb1&Prime; admin_label=\u00a0\u00bbOur Mission\u00a0\u00bb _builder_version=\u00a0\u00bb4.16&Prime; background_color_gradient_start=\u00a0\u00bbrgba(233,239,243,0)\u00a0\u00bb background_color_gradient_end=\u00a0\u00bb#ffffff\u00a0\u00bb background_enable_image=\u00a0\u00bboff\u00a0\u00bb parallax=\u00a0\u00bbon\u00a0\u00bb custom_margin=\u00a0\u00bb0px|0px|0px|0px|true|true\u00a0\u00bb custom_padding=\u00a0\u00bb0px|0px|0px|0px|true|false\u00a0\u00bb locked=\u00a0\u00bboff\u00a0\u00bb global_colors_info=\u00a0\u00bb{}\u00a0\u00bb][et_pb_row custom_padding_last_edited=\u00a0\u00bbon|desktop\u00a0\u00bb admin_label=\u00a0\u00bbMission Row\u00a0\u00bb _builder_version=\u00a0\u00bb4.18.0&Prime; max_width=\u00a0\u00bb100%\u00a0\u00bb max_width_tablet=\u00a0\u00bb100%\u00a0\u00bb max_width_phone=\u00a0\u00bb100%\u00a0\u00bb max_width_last_edited=\u00a0\u00bbon|desktop\u00a0\u00bb module_alignment=\u00a0\u00bbcenter\u00a0\u00bb custom_margin=\u00a0\u00bb0px|0px|0px|0px|false|false\u00a0\u00bb custom_margin_tablet=\u00a0\u00bb0px|0px|0px|0px|false|false\u00a0\u00bb custom_margin_phone=\u00a0\u00bb0px|0px|0px|0px|false|false\u00a0\u00bb custom_margin_last_edited=\u00a0\u00bbon|phone\u00a0\u00bb custom_padding=\u00a0\u00bb0px|0px|0px|0px|false|false\u00a0\u00bb custom_padding_tablet=\u00a0\u00bb0px|0px|0px|0px|false|false\u00a0\u00bb custom_padding_phone=\u00a0\u00bb0px|0px|0px|0px|false|false\u00a0\u00bb hover_enabled=\u00a0\u00bb0&Prime; locked=\u00a0\u00bboff\u00a0\u00bb global_colors_info=\u00a0\u00bb{}\u00a0\u00bb sticky_enabled=\u00a0\u00bb0&Prime;][et_pb_column type=\u00a0\u00bb4_4&Prime; _builder_version=\u00a0\u00bb4.18.0&Prime; custom_padding=\u00a0\u00bb|||\u00a0\u00bb custom_padding_tablet=\u00a0\u00bb|||\u00a0\u00bb custom_padding_phone=\u00a0\u00bb0px|10%|0px|10%|false|true\u00a0\u00bb custom_padding_last_edited=\u00a0\u00bbon|phone\u00a0\u00bb global_colors_info=\u00a0\u00bb{}\u00a0\u00bb custom_padding__hover=\u00a0\u00bb|||\u00a0\u00bb][et_pb_text content_tablet=\u00a0\u00bb<\/p>\n<h3><span style=%22color: #59564f;%22>Derniers projets r\u00e9alis\u00e9s par SylvAgri Gestion &#038; Les Artisans Forestiers<\/span><\/h3>\n<p>\u00a0\u00bb content_phone=\u00a0\u00bb<\/p>\n<h3><span style=%22color: #59564f;%22>Derniers projets r\u00e9alis\u00e9s par SylvAgri Gestion &#038; Les Artisans Forestiers<\/span><\/h3>\n<p>\u00a0\u00bb content_last_edited=\u00a0\u00bbon|phone\u00a0\u00bb _builder_version=\u00a0\u00bb4.18.0&Prime; custom_padding=\u00a0\u00bb0px|||16px||\u00a0\u00bb hover_enabled=\u00a0\u00bb0&Prime; locked=\u00a0\u00bboff\u00a0\u00bb global_colors_info=\u00a0\u00bb{}\u00a0\u00bb custom_margin=\u00a0\u00bb39px||0px|0px|false|false\u00a0\u00bb sticky_enabled=\u00a0\u00bb0&Prime;]<\/p>\n<h3><span style=\"color: #59564f;\">Derniers projets r\u00e9alis\u00e9s par SylvAgri Gestion &amp; Les Artisans Forestiers<\/span><\/h3>\n<p>[\/et_pb_text][\/et_pb_column][\/et_pb_row][\/et_pb_section][et_pb_section fb_built=\u00a0\u00bb1&Prime; admin_label=\u00a0\u00bbGallery Section\u00a0\u00bb _builder_version=\u00a0\u00bb4.18.0&Prime; custom_padding=\u00a0\u00bb||70px|\u00a0\u00bb hover_enabled=\u00a0\u00bb0&Prime; global_colors_info=\u00a0\u00bb{}\u00a0\u00bb custom_margin=\u00a0\u00bb-35px||||false|false\u00a0\u00bb sticky_enabled=\u00a0\u00bb0&Prime;][et_pb_row column_structure=\u00a0\u00bb1_4,1_4,1_4,1_4&Prime; use_custom_gutter=\u00a0\u00bbon\u00a0\u00bb gutter_width=\u00a0\u00bb2&Prime; make_equal=\u00a0\u00bbon\u00a0\u00bb module_class=\u00a0\u00bb et_pb_row_fullwidth\u00a0\u00bb _builder_version=\u00a0\u00bb4.18.0&Prime; background_size=\u00a0\u00bbinitial\u00a0\u00bb background_position=\u00a0\u00bbtop_left\u00a0\u00bb background_repeat=\u00a0\u00bbrepeat\u00a0\u00bb width=\u00a0\u00bb94%\u00a0\u00bb width_tablet=\u00a0\u00bb80%\u00a0\u00bb width_phone=\u00a0\u00bb80%\u00a0\u00bb width_last_edited=\u00a0\u00bbon|desktop\u00a0\u00bb max_width=\u00a0\u00bb94%\u00a0\u00bb max_width_tablet=\u00a0\u00bb80%\u00a0\u00bb max_width_phone=\u00a0\u00bb80%\u00a0\u00bb max_width_last_edited=\u00a0\u00bbon|desktop\u00a0\u00bb custom_padding=\u00a0\u00bb|||\u00a0\u00bb make_fullwidth=\u00a0\u00bbon\u00a0\u00bb global_colors_info=\u00a0\u00bb{}\u00a0\u00bb][et_pb_column type=\u00a0\u00bb1_4&Prime; _builder_version=\u00a0\u00bb4.16&Prime; custom_padding=\u00a0\u00bb|||\u00a0\u00bb global_colors_info=\u00a0\u00bb{}\u00a0\u00bb custom_padding__hover=\u00a0\u00bb|||\u00a0\u00bb][dnxtiel_next_image_effect dnxtiel_image=\u00a0\u00bbhttps:\/\/www.sylvagri-groupe.fr\/wp-content\/uploads\/2022\/09\/IMG_20220616_092117-scaled.jpg\u00a0\u00bb dnxtiel_heading_tag=\u00a0\u00bbh3&Prime; dnxtiel_description=\u00a0\u00bb<\/p>\n<p style=%22text-align: center;%22><span>Travaux de d\u00e9gagement manuel <br \/>d&rsquo;une plantation de 17 ha <br \/>(77) <\/span><\/p>\n<p>\u00a0\u00bb dnxtiel_hover_bg=\u00a0\u00bb#144748&Prime; _builder_version=\u00a0\u00bb4.18.0&Prime; _module_preset=\u00a0\u00bbdefault\u00a0\u00bb hover_text_fonts_font=\u00a0\u00bbManrope||||||||\u00a0\u00bb global_colors_info=\u00a0\u00bb{}\u00a0\u00bb][\/dnxtiel_next_image_effect][\/et_pb_column][et_pb_column type=\u00a0\u00bb1_4&Prime; _builder_version=\u00a0\u00bb4.16&Prime; custom_padding=\u00a0\u00bb|||\u00a0\u00bb global_colors_info=\u00a0\u00bb{}\u00a0\u00bb custom_padding__hover=\u00a0\u00bb|||\u00a0\u00bb][dnxtiel_next_image_effect dnxtiel_image=\u00a0\u00bbhttps:\/\/www.sylvagri-groupe.fr\/wp-content\/uploads\/2022\/03\/Ouverture-de-cloisonnements-dexploitation-sur-32-ha-78.png\u00a0\u00bb dnxtiel_heading_tag=\u00a0\u00bbh3&Prime; dnxtiel_description=\u00a0\u00bb<\/p>\n<p style=%22text-align: center;%22>Marquage de cloisonnement d&rsquo;exploitation <br \/>sur 18 ha<br \/>(78)<\/p>\n<p>\u00a0\u00bb dnxtiel_hover_bg=\u00a0\u00bb#E9520F\u00a0\u00bb _builder_version=\u00a0\u00bb4.18.0&Prime; _module_preset=\u00a0\u00bbdefault\u00a0\u00bb hover_text_fonts_font=\u00a0\u00bbManrope||||||||\u00a0\u00bb global_colors_info=\u00a0\u00bb{}\u00a0\u00bb][\/dnxtiel_next_image_effect][\/et_pb_column][et_pb_column type=\u00a0\u00bb1_4&Prime; _builder_version=\u00a0\u00bb4.18.0&Prime; _module_preset=\u00a0\u00bbdefault\u00a0\u00bb global_colors_info=\u00a0\u00bb{}\u00a0\u00bb][dnxtiel_next_image_effect dnxtiel_image=\u00a0\u00bbhttps:\/\/www.sylvagri-groupe.fr\/wp-content\/uploads\/2022\/09\/IMG_20220622_123505-scaled.jpg\u00a0\u00bb dnxtiel_heading_tag=\u00a0\u00bbh3&Prime; dnxtiel_description=\u00a0\u00bb<\/p>\n<p style=%22text-align: center;%22><span>Ouverture de cloisonnement<br \/>au broyeur sur 23 ha<br \/>(77)<\/span><\/p>\n<p>\u00a0\u00bb dnxtiel_hover_bg=\u00a0\u00bb#144748&Prime; _builder_version=\u00a0\u00bb4.18.0&Prime; _module_preset=\u00a0\u00bbdefault\u00a0\u00bb hover_text_fonts_font=\u00a0\u00bbManrope||||||||\u00a0\u00bb global_colors_info=\u00a0\u00bb{}\u00a0\u00bb][\/dnxtiel_next_image_effect][\/et_pb_column][et_pb_column type=\u00a0\u00bb1_4&Prime; _builder_version=\u00a0\u00bb4.16&Prime; custom_padding=\u00a0\u00bb|||\u00a0\u00bb global_colors_info=\u00a0\u00bb{}\u00a0\u00bb custom_padding__hover=\u00a0\u00bb|||\u00a0\u00bb][dnxtiel_next_image_effect dnxtiel_image=\u00a0\u00bbhttps:\/\/www.sylvagri-groupe.fr\/wp-content\/uploads\/2022\/03\/Bois-fac\u0327onne\u0301-en-2-m-lors-de-la-re\u0301alisation-dune-e\u0301claircie-sur-25-ha-91.png\u00a0\u00bb dnxtiel_heading_tag=\u00a0\u00bbh3&Prime; dnxtiel_description=\u00a0\u00bb<\/p>\n<p style=%22text-align: center;%22><span>Abattage, faconnage et d\u00e9bardage<br \/>d&rsquo;un lot de bois issu d&rsquo;une \u00e9claircie<br \/>d&rsquo;une parcelle de 25 ha<br \/>(91)<\/span><\/p>\n<p>\u00a0\u00bb dnxtiel_hover_bg=\u00a0\u00bb#E9520F\u00a0\u00bb _builder_version=\u00a0\u00bb4.18.0&Prime; _module_preset=\u00a0\u00bbdefault\u00a0\u00bb hover_text_fonts_font=\u00a0\u00bbManrope||||||||\u00a0\u00bb global_colors_info=\u00a0\u00bb{}\u00a0\u00bb][\/dnxtiel_next_image_effect][\/et_pb_column][\/et_pb_row][et_pb_row column_structure=\u00a0\u00bb1_4,1_4,1_4,1_4&Prime; use_custom_gutter=\u00a0\u00bbon\u00a0\u00bb gutter_width=\u00a0\u00bb2&Prime; make_equal=\u00a0\u00bbon\u00a0\u00bb module_class=\u00a0\u00bb et_pb_row_fullwidth\u00a0\u00bb _builder_version=\u00a0\u00bb4.18.0&Prime; background_size=\u00a0\u00bbinitial\u00a0\u00bb background_position=\u00a0\u00bbtop_left\u00a0\u00bb background_repeat=\u00a0\u00bbrepeat\u00a0\u00bb width=\u00a0\u00bb94%\u00a0\u00bb width_tablet=\u00a0\u00bb80%\u00a0\u00bb width_phone=\u00a0\u00bb80%\u00a0\u00bb width_last_edited=\u00a0\u00bbon|desktop\u00a0\u00bb max_width=\u00a0\u00bb94%\u00a0\u00bb max_width_tablet=\u00a0\u00bb80%\u00a0\u00bb max_width_phone=\u00a0\u00bb80%\u00a0\u00bb max_width_last_edited=\u00a0\u00bbon|desktop\u00a0\u00bb custom_padding=\u00a0\u00bb|||\u00a0\u00bb make_fullwidth=\u00a0\u00bbon\u00a0\u00bb global_colors_info=\u00a0\u00bb{}\u00a0\u00bb][et_pb_column type=\u00a0\u00bb1_4&Prime; _builder_version=\u00a0\u00bb4.16&Prime; custom_padding=\u00a0\u00bb|||\u00a0\u00bb global_colors_info=\u00a0\u00bb{}\u00a0\u00bb custom_padding__hover=\u00a0\u00bb|||\u00a0\u00bb][dnxtiel_next_image_effect dnxtiel_image=\u00a0\u00bbhttps:\/\/www.sylvagri-groupe.fr\/wp-content\/uploads\/2022\/03\/De\u0301gagement-et-accompagnement-de-la-re\u0301ge\u0301ne\u0301ration-naturelle-sur-23-ha-77.png\u00a0\u00bb dnxtiel_heading_tag=\u00a0\u00bbh3&Prime; dnxtiel_description=\u00a0\u00bb<\/p>\n<p style=%22text-align: center;%22>Travaux manuels de d\u00e9gagement<br \/>de r\u00e9g\u00e9n\u00e9ration naturelle<br \/>dans une futaie irr\u00e9guli\u00e8re de 32 ha<br \/>(77)<\/p>\n<p>\u00a0\u00bb dnxtiel_hover_bg=\u00a0\u00bb#144748&Prime; _builder_version=\u00a0\u00bb4.18.0&Prime; _module_preset=\u00a0\u00bbdefault\u00a0\u00bb hover_text_fonts_font=\u00a0\u00bbManrope||||||||\u00a0\u00bb global_colors_info=\u00a0\u00bb{}\u00a0\u00bb][\/dnxtiel_next_image_effect][\/et_pb_column][et_pb_column type=\u00a0\u00bb1_4&Prime; _builder_version=\u00a0\u00bb4.16&Prime; custom_padding=\u00a0\u00bb|||\u00a0\u00bb global_colors_info=\u00a0\u00bb{}\u00a0\u00bb custom_padding__hover=\u00a0\u00bb|||\u00a0\u00bb][dnxtiel_next_image_effect dnxtiel_image=\u00a0\u00bbhttps:\/\/www.sylvagri-groupe.fr\/wp-content\/uploads\/2022\/03\/Commercialisation-dun-lot-de-plus-de-400m3-de-che\u0302ne-78.png\u00a0\u00bb dnxtiel_heading_tag=\u00a0\u00bbh3&Prime; dnxtiel_description=\u00a0\u00bb<\/p>\n<p style=%22text-align: center;%22>Commercialisation d&rsquo;un lot de plus de 400m3 de ch\u00eane<br \/>(78)<\/p>\n<p>\u00a0\u00bb dnxtiel_hover_bg=\u00a0\u00bb#E9520F\u00a0\u00bb _builder_version=\u00a0\u00bb4.18.0&Prime; _module_preset=\u00a0\u00bbdefault\u00a0\u00bb hover_text_fonts_font=\u00a0\u00bbManrope||||||||\u00a0\u00bb global_colors_info=\u00a0\u00bb{}\u00a0\u00bb][\/dnxtiel_next_image_effect][\/et_pb_column][et_pb_column type=\u00a0\u00bb1_4&Prime; _builder_version=\u00a0\u00bb4.18.0&Prime; _module_preset=\u00a0\u00bbdefault\u00a0\u00bb global_colors_info=\u00a0\u00bb{}\u00a0\u00bb][dnxtiel_next_image_effect dnxtiel_image=\u00a0\u00bbhttps:\/\/www.sylvagri-groupe.fr\/wp-content\/uploads\/2022\/09\/Capture_decran_2022-07-23_a_01.32.49.png\u00a0\u00bb dnxtiel_heading_tag=\u00a0\u00bbh3&Prime; dnxtiel_description=\u00a0\u00bb<\/p>\n<p style=%22text-align: center;%22><span>Mat\u00e9riel<\/span><\/p>\n<p>\u00a0\u00bb dnxtiel_hover_bg=\u00a0\u00bb#144748&Prime; _builder_version=\u00a0\u00bb4.18.0&Prime; _module_preset=\u00a0\u00bbdefault\u00a0\u00bb hover_text_fonts_font=\u00a0\u00bbManrope||||||||\u00a0\u00bb global_colors_info=\u00a0\u00bb{}\u00a0\u00bb][\/dnxtiel_next_image_effect][\/et_pb_column][et_pb_column type=\u00a0\u00bb1_4&Prime; _builder_version=\u00a0\u00bb4.16&Prime; custom_padding=\u00a0\u00bb|||\u00a0\u00bb global_colors_info=\u00a0\u00bb{}\u00a0\u00bb custom_padding__hover=\u00a0\u00bb|||\u00a0\u00bb][dnxtiel_next_image_effect dnxtiel_image=\u00a0\u00bbhttps:\/\/www.sylvagri-groupe.fr\/wp-content\/uploads\/2022\/04\/IMG_20220324_162709-1-scaled.jpg\u00a0\u00bb dnxtiel_heading_tag=\u00a0\u00bbh3&Prime; dnxtiel_description=\u00a0\u00bb<\/p>\n<p style=%22text-align: center;%22>Gestion d&rsquo;une exploitation<br \/>agricole de 300 ha<br \/>(77)<\/p>\n<p>\u00a0\u00bb dnxtiel_hover_bg=\u00a0\u00bb#E9520F\u00a0\u00bb _builder_version=\u00a0\u00bb4.16.1&Prime; _module_preset=\u00a0\u00bbdefault\u00a0\u00bb hover_text_fonts_font=\u00a0\u00bbManrope||||||||\u00a0\u00bb global_colors_info=\u00a0\u00bb{}\u00a0\u00bb][\/dnxtiel_next_image_effect][\/et_pb_column][\/et_pb_row][et_pb_row column_structure=\u00a0\u00bb1_4,1_4,1_4,1_4&Prime; use_custom_gutter=\u00a0\u00bbon\u00a0\u00bb gutter_width=\u00a0\u00bb2&Prime; make_equal=\u00a0\u00bbon\u00a0\u00bb module_class=\u00a0\u00bb et_pb_row_fullwidth\u00a0\u00bb _builder_version=\u00a0\u00bb4.18.0&Prime; background_size=\u00a0\u00bbinitial\u00a0\u00bb background_position=\u00a0\u00bbtop_left\u00a0\u00bb background_repeat=\u00a0\u00bbrepeat\u00a0\u00bb width=\u00a0\u00bb94%\u00a0\u00bb width_tablet=\u00a0\u00bb80%\u00a0\u00bb width_phone=\u00a0\u00bb80%\u00a0\u00bb width_last_edited=\u00a0\u00bbon|desktop\u00a0\u00bb max_width=\u00a0\u00bb94%\u00a0\u00bb max_width_tablet=\u00a0\u00bb80%\u00a0\u00bb max_width_phone=\u00a0\u00bb80%\u00a0\u00bb max_width_last_edited=\u00a0\u00bbon|desktop\u00a0\u00bb custom_padding=\u00a0\u00bb|||\u00a0\u00bb make_fullwidth=\u00a0\u00bbon\u00a0\u00bb global_colors_info=\u00a0\u00bb{}\u00a0\u00bb][et_pb_column type=\u00a0\u00bb1_4&Prime; _builder_version=\u00a0\u00bb4.16&Prime; custom_padding=\u00a0\u00bb|||\u00a0\u00bb global_colors_info=\u00a0\u00bb{}\u00a0\u00bb custom_padding__hover=\u00a0\u00bb|||\u00a0\u00bb][dnxtiel_next_image_effect dnxtiel_image=\u00a0\u00bbhttps:\/\/www.sylvagri-groupe.fr\/wp-content\/uploads\/2022\/04\/Screenshot_20220408_090509.jpg\u00a0\u00bb dnxtiel_heading_tag=\u00a0\u00bbh3&Prime; dnxtiel_description=\u00a0\u00bb<\/p>\n<p style=%22text-align: center;%22><span>Entretien et s\u00e9curisation<br \/>d&rsquo;all\u00e9es foresti\u00e8res<br \/>accueillant du public<br \/>(78)<\/span><\/p>\n<p>\u00a0\u00bb dnxtiel_hover_bg=\u00a0\u00bb#144748&Prime; _builder_version=\u00a0\u00bb4.16.1&Prime; _module_preset=\u00a0\u00bbdefault\u00a0\u00bb hover_text_fonts_font=\u00a0\u00bbManrope||||||||\u00a0\u00bb global_colors_info=\u00a0\u00bb{}\u00a0\u00bb][\/dnxtiel_next_image_effect][\/et_pb_column][et_pb_column type=\u00a0\u00bb1_4&Prime; _builder_version=\u00a0\u00bb4.18.0&Prime; _module_preset=\u00a0\u00bbdefault\u00a0\u00bb global_colors_info=\u00a0\u00bb{}\u00a0\u00bb][dnxtiel_next_image_effect dnxtiel_image=\u00a0\u00bbhttps:\/\/www.sylvagri-groupe.fr\/wp-content\/uploads\/2022\/03\/Re\u0301alisation-dun-Plan-de-gestion-dune-fore\u0302t-de-50-ha-91.png\u00a0\u00bb dnxtiel_heading_tag=\u00a0\u00bbh3&Prime; dnxtiel_description=\u00a0\u00bb<\/p>\n<p style=%22text-align: center;%22>R\u00e9alisation d&rsquo;un plan de gestion<br \/>d&rsquo;une for\u00eat de 50 ha<br \/>(77)<\/p>\n<p>\u00a0\u00bb dnxtiel_hover_bg=\u00a0\u00bb#E9520F\u00a0\u00bb _builder_version=\u00a0\u00bb4.16&Prime; _module_preset=\u00a0\u00bbdefault\u00a0\u00bb hover_text_fonts_font=\u00a0\u00bbManrope||||||||\u00a0\u00bb global_colors_info=\u00a0\u00bb{}\u00a0\u00bb][\/dnxtiel_next_image_effect][\/et_pb_column][et_pb_column type=\u00a0\u00bb1_4&Prime; _builder_version=\u00a0\u00bb4.16&Prime; custom_padding=\u00a0\u00bb|||\u00a0\u00bb global_colors_info=\u00a0\u00bb{}\u00a0\u00bb custom_padding__hover=\u00a0\u00bb|||\u00a0\u00bb][dnxtiel_next_image_effect dnxtiel_image=\u00a0\u00bbhttps:\/\/www.sylvagri-groupe.fr\/wp-content\/uploads\/2022\/04\/IMG_20220405_142733-1-scaled.jpg\u00a0\u00bb dnxtiel_heading_tag=\u00a0\u00bbh3&Prime; dnxtiel_description=\u00a0\u00bb<\/p>\n<p style=%22text-align: center;%22><span>Travaux d&rsquo;entretien de zone humide<br \/>et de s\u00e9curisation routi\u00e8re<br \/>(78)<\/span><\/p>\n<p>\u00a0\u00bb dnxtiel_hover_bg=\u00a0\u00bb#144748&Prime; _builder_version=\u00a0\u00bb4.18.0&Prime; _module_preset=\u00a0\u00bbdefault\u00a0\u00bb hover_text_fonts_font=\u00a0\u00bbManrope||||||||\u00a0\u00bb global_colors_info=\u00a0\u00bb{}\u00a0\u00bb][\/dnxtiel_next_image_effect][\/et_pb_column][et_pb_column type=\u00a0\u00bb1_4&Prime; _builder_version=\u00a0\u00bb4.16&Prime; custom_padding=\u00a0\u00bb|||\u00a0\u00bb global_colors_info=\u00a0\u00bb{}\u00a0\u00bb custom_padding__hover=\u00a0\u00bb|||\u00a0\u00bb][dnxtiel_next_image_effect dnxtiel_image=\u00a0\u00bbhttps:\/\/www.sylvagri-groupe.fr\/wp-content\/uploads\/2022\/03\/Gestion-dun-domaine-naturel-denviron-200ha-78.png\u00a0\u00bb dnxtiel_heading_tag=\u00a0\u00bbh3&Prime; dnxtiel_description=\u00a0\u00bb<\/p>\n<p style=%22text-align: center;%22>Gestion d&rsquo;un domaine naturel<br \/>D&rsquo;environ 200 ha<br \/>(78)<\/p>\n<p>\u00a0\u00bb dnxtiel_hover_bg=\u00a0\u00bb#E9520F\u00a0\u00bb _builder_version=\u00a0\u00bb4.16&Prime; _module_preset=\u00a0\u00bbdefault\u00a0\u00bb hover_text_fonts_font=\u00a0\u00bbManrope||||||||\u00a0\u00bb global_colors_info=\u00a0\u00bb{}\u00a0\u00bb][\/dnxtiel_next_image_effect][\/et_pb_column][\/et_pb_row][\/et_pb_section]<\/p>\n","protected":false},"excerpt":{"rendered":"<p>Derniers projets r\u00e9alis\u00e9s par SylvAgri Gestion &amp; Les Artisans Forestiers<div class=\"et_pb_module dnxtiel_next_image_effect dnxtiel_next_image_effect_0\">\n\t\t\t\t\n\t\t\t\t\n\t\t\t\t\n\t\t\t\t\n\t\t\t\t\n\t\t\t\t\n\t\t\t\t<div class=\"et_pb_module_inner\">\n\t\t\t\t\t<figure class=\"imghvr-fade dnxtiel-imghvr-wrapper\">\r\n\t\t\t\t<img decoding=\"async\" src=\"https:\/\/www.sylvagri-groupe.fr\/wp-content\/uploads\/2022\/09\/IMG_20220616_092117-scaled.jpg\" alt=\"\" srcset=\"https:\/\/www.sylvagri-groupe.fr\/wp-content\/uploads\/2022\/09\/IMG_20220616_092117-scaled.jpg 2560w, https:\/\/www.sylvagri-groupe.fr\/wp-content\/uploads\/2022\/09\/IMG_20220616_092117-1280x1280.jpg 1280w, https:\/\/www.sylvagri-groupe.fr\/wp-content\/uploads\/2022\/09\/IMG_20220616_092117-980x980.jpg 980w, https:\/\/www.sylvagri-groupe.fr\/wp-content\/uploads\/2022\/09\/IMG_20220616_092117-480x480.jpg 480w\" sizes=\"(min-width: 0px) and (max-width: 480px) 480px, (min-width: 481px) and (max-width: 980px) 980px, (min-width: 981px) and (max-width: 1280px) 1280px, (min-width: 1281px) 2560px, 100vw\" \/>\r\n\t\t\t\t<figcaption class=\"dnxtiel-imghvr-content\">\r\n\t\t\t\t\t\r\n\t\t\t\t\t\r\n\t\t\t\t\t<div class=\"dnxtiel-description\">Travaux de d\u00e9gagement manuel d'une plantation de 17 ha (77) <\/div>\n\r\n\t\t\t\t\t\r\n\t\t\t\t<\/figcaption>\r\n\t\t  \t<\/figure>\n\t\t\t\t<\/div>\n\t\t\t<\/div><div class=\"et_pb_module dnxtiel_next_image_effect dnxtiel_next_image_effect_1\">\n\t\t\t\t\n\t\t\t\t\n\t\t\t\t\n\t\t\t\t\n\t\t\t\t\n\t\t\t\t\n\t\t\t\t<div class=\"et_pb_module_inner\">\n\t\t\t\t\t<figure class=\"imghvr-fade dnxtiel-imghvr-wrapper\">\r\n\t\t\t\t<img decoding=\"async\" src=\"https:\/\/www.sylvagri-groupe.fr\/wp-content\/uploads\/2022\/03\/Ouverture-de-cloisonnements-dexploitation-sur-32-ha-78.png\" alt=\"\" srcset=\"https:\/\/www.sylvagri-groupe.fr\/wp-content\/uploads\/2022\/03\/Ouverture-de-cloisonnements-dexploitation-sur-32-ha-78.png 800w, https:\/\/www.sylvagri-groupe.fr\/wp-content\/uploads\/2022\/03\/Ouverture-de-cloisonnements-dexploitation-sur-32-ha-78-480x480.png 480w\" sizes=\"(min-width: 0px) and (max-width: 480px) 480px, (min-width: 481px) 800px, 100vw\" \/>\r\n\t\t\t\t<figcaption class=\"dnxtiel-imghvr-content\">\r\n\t\t\t\t\t\r\n\t\t\t\t\t\r\n\t\t\t\t\t<div class=\"dnxtiel-description\">Marquage de cloisonnement d'exploitation sur 18 ha(78)<\/div>\n\r\n\t\t\t\t\t\r\n\t\t\t\t<\/figcaption>\r\n\t\t  \t<\/figure>\n\t\t\t\t<\/div>\n\t\t\t<\/div><div class=\"et_pb_module dnxtiel_next_image_effect dnxtiel_next_image_effect_2\">\n\t\t\t\t\n\t\t\t\t\n\t\t\t\t\n\t\t\t\t\n\t\t\t\t\n\t\t\t\t\n\t\t\t\t<div class=\"et_pb_module_inner\">\n\t\t\t\t\t<figure class=\"imghvr-fade dnxtiel-imghvr-wrapper\">\r\n\t\t\t\t<img decoding=\"async\" src=\"\" alt=\"\" class=\"et_multi_view_hidden_image\" \/>\r\n\t\t\t\t<figcaption class=\"dnxtiel-imghvr-content\">\r\n\t\t\t\t\t\r\n\t\t\t\t\t\r\n\t\t\t\t\t<div class=\"dnxtiel-description\">\u00bbOuverture<\/div>\n\r\n\t\t\t\t\t\r\n\t\t\t\t<\/figcaption>\r\n\t\t  \t<\/figure>\n\t\t\t\t<\/div>\n\t\t\t<\/div><\/p>\n","protected":false},"author":1,"featured_media":0,"parent":0,"menu_order":0,"comment_status":"closed","ping_status":"closed","template":"","meta":{"_et_pb_use_builder":"on","_et_pb_old_content":"","_et_gb_content_width":"","footnotes":""},"class_list":["post-6099","page","type-page","status-publish","hentry"],"_links":{"self":[{"href":"https:\/\/www.sylvagri-groupe.fr\/index.php\/wp-json\/wp\/v2\/pages\/6099","targetHints":{"allow":["GET"]}}],"collection":[{"href":"https:\/\/www.sylvagri-groupe.fr\/index.php\/wp-json\/wp\/v2\/pages"}],"about":[{"href":"https:\/\/www.sylvagri-groupe.fr\/index.php\/wp-json\/wp\/v2\/types\/page"}],"author":[{"embeddable":true,"href":"https:\/\/www.sylvagri-groupe.fr\/index.php\/wp-json\/wp\/v2\/users\/1"}],"replies":[{"embeddable":true,"href":"https:\/\/www.sylvagri-groupe.fr\/index.php\/wp-json\/wp\/v2\/comments?post=6099"}],"version-history":[{"count":54,"href":"https:\/\/www.sylvagri-groupe.fr\/index.php\/wp-json\/wp\/v2\/pages\/6099\/revisions"}],"predecessor-version":[{"id":6321,"href":"https:\/\/www.sylvagri-groupe.fr\/index.php\/wp-json\/wp\/v2\/pages\/6099\/revisions\/6321"}],"wp:attachment":[{"href":"https:\/\/www.sylvagri-groupe.fr\/index.php\/wp-json\/wp\/v2\/media?parent=6099"}],"curies":[{"name":"wp","href":"https:\/\/api.w.org\/{rel}","templated":true}]}}